{"id":306,"date":"2018-06-20T15:13:40","date_gmt":"2018-06-20T15:13:40","guid":{"rendered":"https:\/\/samurai.com.br\/?page_id=306"},"modified":"2020-10-09T15:24:35","modified_gmt":"2020-10-09T18:24:35","slug":"home-2","status":"publish","type":"page","link":"https:\/\/samurai.com.br\/","title":{"rendered":"Home"},"content":{"rendered":"<p>[et_pb_section fb_built=&#8221;1&#8243; fullwidth=&#8221;on&#8221; disabled_on=&#8221;on|off|off&#8221; _builder_version=&#8221;3.10.2&#8243;][et_pb_fullwidth_slider show_image_video_mobile=&#8221;on&#8221; _builder_version=&#8221;3.10.2&#8243; body_line_height=&#8221;1em&#8221; custom_margin=&#8221;||||false&#8221; custom_margin_last_edited=&#8221;on|phone&#8221; custom_padding_phone=&#8221;|0px||0px|false|true&#8221; custom_padding_last_edited=&#8221;on|phone&#8221;][et_pb_slide heading=&#8221;TRANSFORMA\u00c7\u00c3O DIGITAL&#8221; use_bg_overlay=&#8221;off&#8221; use_text_overlay=&#8221;off&#8221; _builder_version=&#8221;3.10.2&#8243; header_font=&#8221;|600||on|||||&#8221; header_font_size=&#8221;40px&#8221; header_font_size_tablet=&#8221;22px&#8221; header_font_size_phone=&#8221;26px&#8221; header_font_size_last_edited=&#8221;on|tablet&#8221; header_letter_spacing=&#8221;5px&#8221; header_letter_spacing_tablet=&#8221;5px&#8221; header_letter_spacing_phone=&#8221;5px&#8221; header_line_height=&#8221;3em&#8221; header_line_height_tablet=&#8221;3em&#8221; header_line_height_phone=&#8221;3em&#8221; header_line_height_last_edited=&#8221;on|phone&#8221; body_font=&#8221;|300|||||||&#8221; body_font_size=&#8221;37px&#8221; body_font_size_tablet=&#8221;25px&#8221; body_font_size_phone=&#8221;19px&#8221; body_font_size_last_edited=&#8221;on|desktop&#8221; background_image=&#8221;https:\/\/samurai.com.br\/wp-content\/uploads\/2018\/09\/home.jpg&#8221; custom_button=&#8221;on&#8221; button_text_size=&#8221;16px&#8221; button_border_width=&#8221;3px&#8221; button_border_radius=&#8221;100px&#8221; button_font=&#8221;|||on|||||&#8221; button_use_icon=&#8221;on&#8221; button_on_hover=&#8221;on&#8221; button_text_size_tablet=&#8221;16px&#8221; button_text_size_phone=&#8221;16px&#8221; custom_padding=&#8221;10px|||&#8221; custom_padding_tablet=&#8221;10px|||&#8221; custom_padding_phone=&#8221;0px|||&#8221; custom_padding_last_edited=&#8221;on|phone&#8221; text_shadow_style=&#8221;preset1&#8243; custom_css_main_element=&#8221;height:100vh;&#8221;]Building the Next-Generation<\/p>\n<p>Customer Experience<br \/>\n[\/et_pb_slide][\/et_pb_fullwidth_slider][\/et_pb_section][et_pb_section fb_built=&#8221;1&#8243; fullwidth=&#8221;on&#8221; disabled_on=&#8221;off|on|on&#8221; _builder_version=&#8221;3.10.2&#8243;][et_pb_fullwidth_slider show_image_video_mobile=&#8221;on&#8221; _builder_version=&#8221;3.10.2&#8243; body_font=&#8221;||||||||&#8221; body_line_height=&#8221;1em&#8221; max_width_last_edited=&#8221;off|desktop&#8221; custom_margin=&#8221;||||false&#8221; custom_margin_last_edited=&#8221;on|phone&#8221; custom_padding_phone=&#8221;|0px||0px|false|true&#8221; custom_padding_last_edited=&#8221;on|phone&#8221;][et_pb_slide heading=&#8221;TRANSFORMA\u00c7\u00c3O DIGITAL&#8221; use_bg_overlay=&#8221;off&#8221; use_text_overlay=&#8221;off&#8221; _builder_version=&#8221;3.10.2&#8243; header_font=&#8221;|600||on|||||&#8221; header_font_size=&#8221;40px&#8221; header_font_size_tablet=&#8221;22px&#8221; header_font_size_phone=&#8221;26px&#8221; header_font_size_last_edited=&#8221;on|tablet&#8221; header_letter_spacing=&#8221;5px&#8221; header_letter_spacing_tablet=&#8221;5px&#8221; header_letter_spacing_phone=&#8221;5px&#8221; header_line_height=&#8221;3em&#8221; header_line_height_tablet=&#8221;3em&#8221; header_line_height_phone=&#8221;3em&#8221; header_line_height_last_edited=&#8221;on|phone&#8221; body_font=&#8221;|300|||||||&#8221; body_font_size=&#8221;37px&#8221; body_font_size_tablet=&#8221;25px&#8221; body_font_size_phone=&#8221;19px&#8221; body_font_size_last_edited=&#8221;on|desktop&#8221; background_image=&#8221;https:\/\/samurai.com.br\/wp-content\/uploads\/2018\/09\/home.jpg&#8221; custom_button=&#8221;on&#8221; button_text_size=&#8221;16px&#8221; button_border_width=&#8221;3px&#8221; button_border_radius=&#8221;100px&#8221; button_font=&#8221;|||on|||||&#8221; button_use_icon=&#8221;on&#8221; button_on_hover=&#8221;on&#8221; button_text_size_tablet=&#8221;16px&#8221; button_text_size_phone=&#8221;16px&#8221; custom_padding=&#8221;10px|||&#8221; custom_padding_tablet=&#8221;10px|||&#8221; custom_padding_phone=&#8221;0px|||&#8221; custom_padding_last_edited=&#8221;on|phone&#8221; text_shadow_style=&#8221;preset1&#8243; custom_css_main_element=&#8221;height:100vh;&#8221;]Building the Next-Generation<\/p>\n<p>Customer Experience<br \/>\n[\/et_pb_slide][\/et_pb_fullwidth_slider][\/et_pb_section][et_pb_section fb_built=&#8221;1&#8243; _builder_version=&#8221;3.10.2&#8243; custom_padding=&#8221;54px|0px|54px|0px|false|false&#8221;][et_pb_row _builder_version=&#8221;3.10.2&#8243;][et_pb_column type=&#8221;4_4&#8243; _builder_version=&#8221;3.0.47&#8243; parallax=&#8221;off&#8221; parallax_method=&#8221;on&#8221;][et_pb_text _builder_version=&#8221;3.10.2&#8243; text_font=&#8221;||||||||&#8221; text_text_color=&#8221;#8e8e8e&#8221; text_letter_spacing=&#8221;3px&#8221; header_font=&#8221;||||||||&#8221; text_orientation=&#8221;center&#8221; custom_margin=&#8221;||0px|&#8221; custom_padding=&#8221;|||&#8221; animation_style=&#8221;slide&#8221; animation_direction=&#8221;top&#8221;]O QUE N\u00d3S<br \/>\n[\/et_pb_text][et_pb_text _builder_version=&#8221;3.10.2&#8243; text_font=&#8221;Raleway|800|||||||&#8221; text_letter_spacing=&#8221;3px&#8221; header_font=&#8221;||||||||&#8221; header_2_font=&#8221;|600|||||||&#8221; header_2_font_size=&#8221;40px&#8221; header_2_letter_spacing=&#8221;10px&#8221; text_orientation=&#8221;center&#8221; custom_margin=&#8221;0px|||&#8221; custom_padding=&#8221;0px|||&#8221; animation_style=&#8221;slide&#8221; animation_direction=&#8221;bottom&#8221; animation_delay=&#8221;500ms&#8221; animation_intensity_slide=&#8221;5%&#8221;]<\/p>\n<h2>OFERECEMOS<\/h2>\n<p>[\/et_pb_text][et_pb_divider divider_style=&#8221;dotted&#8221; divider_weight=&#8221;5px&#8221; _builder_version=&#8221;3.10.2&#8243; max_width=&#8221;8%&#8221; max_width_phone=&#8221;20%&#8221; max_width_last_edited=&#8221;on|phone&#8221; module_alignment=&#8221;center&#8221; animation_style=&#8221;fade&#8221; animation_delay=&#8221;800ms&#8221;]<br \/>\n[\/et_pb_divider][\/et_pb_column][\/et_pb_row][et_pb_row make_fullwidth=&#8221;on&#8221; use_custom_gutter=&#8221;on&#8221; gutter_width=&#8221;4&#8243; custom_padding=&#8221;27px|0px|35px|0px|false|false&#8221; make_equal=&#8221;on&#8221; _builder_version=&#8221;3.10.2&#8243;][et_pb_column type=&#8221;4_4&#8243; _builder_version=&#8221;3.0.47&#8243; parallax=&#8221;off&#8221; parallax_method=&#8221;on&#8221;][et_pb_blurb title=&#8221;Solu\u00e7\u00f5es Inovadoras e Rela\u00e7\u00f5es Duradouras&#8221; url=&#8221;#&#8221; use_icon=&#8221;on&#8221; font_icon=&#8221;%%103%%&#8221; content_max_width=&#8221;583px&#8221; _builder_version=&#8221;3.10.2&#8243; header_font=&#8221;|600|||||||&#8221; header_font_size=&#8221;20px&#8221; header_line_height=&#8221;1.5em&#8221; body_font=&#8221;||||||||&#8221; body_font_size=&#8221;15px&#8221; body_line_height=&#8221;1.5em&#8221; text_orientation=&#8221;center&#8221;]Aplicamos nossa profunda expertise tecnol\u00f3gica e de neg\u00f3cios, aliada \u00e0 compreens\u00e3o humana e \u00e0 estrat\u00e9gia da empresa, para desenvolver produtos, servi\u00e7os, aplica\u00e7\u00f5es e experi\u00eancias que fidelizam clientes e constroem vantagem competitiva.<\/p>\n<p>A partir de pesquisas, entrevistas e mapeamento dos processos para definir a estrat\u00e9gia que maximiza o valor percebido pelo cliente final, trabalhamos com P&amp;D, design, engenharia e parceiros externos, projetando dentro das restri\u00e7\u00f5es t\u00e9cnicas e de custo, para entregar esta proposta de valor.<\/p>\n<p>A entrega e a implementa\u00e7\u00e3o da solu\u00e7\u00e3o criada n\u00e3o s\u00e3o a etapa final do projeto, mas o in\u00edcio de um processo cont\u00ednuo de evolu\u00e7\u00e3o e melhorias para alcan\u00e7ar e superar os resultados planejados. Para n\u00f3s, a entrega de cada projeto \u00e9 apenas o in\u00edcio de uma rela\u00e7\u00e3o duradoura com nossos clientes.<br \/>\n[\/et_pb_blurb][\/et_pb_column][\/et_pb_row][\/et_pb_section][et_pb_section fb_built=&#8221;1&#8243; _builder_version=&#8221;3.10.2&#8243; background_color=&#8221;#a70000&#8243;][et_pb_row _builder_version=&#8221;3.7&#8243;][et_pb_column type=&#8221;4_4&#8243; _builder_version=&#8221;3.0.47&#8243; parallax=&#8221;off&#8221; parallax_method=&#8221;on&#8221;][et_pb_text _builder_version=&#8221;3.10.2&#8243; text_font=&#8221;Raleway|300|||||||&#8221; text_text_color=&#8221;#ffffff&#8221; text_letter_spacing=&#8221;3px&#8221; header_font=&#8221;||||||||&#8221; header_text_color=&#8221;#ffffff&#8221; header_2_font=&#8221;|600||on|||||&#8221; header_2_text_color=&#8221;#ffffff&#8221; header_2_font_size=&#8221;40px&#8221; header_2_font_size_phone=&#8221;26px&#8221; header_2_font_size_last_edited=&#8221;on|phone&#8221; header_2_letter_spacing=&#8221;10px&#8221; text_orientation=&#8221;center&#8221; custom_margin=&#8221;0px|||&#8221; custom_padding=&#8221;0px|||&#8221; animation_style=&#8221;slide&#8221; animation_direction=&#8221;bottom&#8221; animation_delay=&#8221;500ms&#8221; animation_intensity_slide=&#8221;5%&#8221;]<\/p>\n<h2>como podemos ajudar<\/h2>\n<p>Atuamos em todo o ciclo da inova\u00e7\u00e3o, da ideia \u00e0 opera\u00e7\u00e3o.<br \/>\n[\/et_pb_text][et_pb_divider color=&#8221;#ffffff&#8221; divider_style=&#8221;dotted&#8221; divider_weight=&#8221;5px&#8221; _builder_version=&#8221;3.10.2&#8243; max_width=&#8221;8%&#8221; max_width_phone=&#8221;20%&#8221; max_width_last_edited=&#8221;on|desktop&#8221; module_alignment=&#8221;center&#8221; animation_style=&#8221;fade&#8221; animation_delay=&#8221;800ms&#8221;]<br \/>\n[\/et_pb_divider][\/et_pb_column][\/et_pb_row][et_pb_row module_class=&#8221;five-columns&#8221; _builder_version=&#8221;3.10.2&#8243;][et_pb_column type=&#8221;4_4&#8243; _builder_version=&#8221;3.0.47&#8243; parallax=&#8221;off&#8221; parallax_method=&#8221;on&#8221;][et_pb_blurb title=&#8221;Consultoria Estrat\u00e9gica e T\u00e9cnica&#8221; image=&#8221;https:\/\/samurai.com.br\/wp-content\/uploads\/2018\/06\/Actionable-Strategy2.png&#8221; admin_label=&#8221;1&#8243; _builder_version=&#8221;3.10.2&#8243; header_font=&#8221;|300|||||||&#8221; header_font_size=&#8221;15px&#8221; text_orientation=&#8221;center&#8221; background_layout=&#8221;dark&#8221; custom_margin=&#8221;0px||0px||true&#8221; custom_padding=&#8221;0px||0px||true&#8221;]<br \/>\n[\/et_pb_blurb][et_pb_blurb title=&#8221;Implanta\u00e7\u00e3o e Integra\u00e7\u00e3o de Sistemas&#8221; image=&#8221;https:\/\/samurai.com.br\/wp-content\/uploads\/2018\/06\/Implementation-Integration3.png&#8221; admin_label=&#8221;1&#8243; _builder_version=&#8221;3.10.2&#8243; header_font=&#8221;|300|||||||&#8221; header_font_size=&#8221;15px&#8221; text_orientation=&#8221;center&#8221; background_layout=&#8221;dark&#8221; custom_margin=&#8221;0px||0px||true&#8221; custom_padding=&#8221;0px||0px||true&#8221; custom_padding_phone=&#8221;20px|||&#8221; custom_padding_last_edited=&#8221;on|phone&#8221; locked=&#8221;off&#8221;]<br \/>\n[\/et_pb_blurb][et_pb_blurb title=&#8221;Inova\u00e7\u00e3o e Transforma\u00e7\u00e3o Digital 360\u00ba&#8221; image=&#8221;https:\/\/samurai.com.br\/wp-content\/uploads\/2018\/06\/Change-Enablement2.png&#8221; admin_label=&#8221;1&#8243; _builder_version=&#8221;3.10.2&#8243; header_font=&#8221;|300|||||||&#8221; header_font_size=&#8221;15px&#8221; text_orientation=&#8221;center&#8221; background_layout=&#8221;dark&#8221; custom_margin=&#8221;0px||0px||true&#8221; custom_padding=&#8221;0px||0px||true&#8221; custom_padding_phone=&#8221;20px|||&#8221; custom_padding_last_edited=&#8221;on|phone&#8221; locked=&#8221;off&#8221;]<br \/>\n[\/et_pb_blurb][et_pb_blurb title=&#8221;Desenvolvimento de aplica\u00e7\u00f5es web e aplicativos m\u00f3veis&#8221; image=&#8221;https:\/\/samurai.com.br\/wp-content\/uploads\/2018\/06\/Application-Development3.png&#8221; admin_label=&#8221;1&#8243; _builder_version=&#8221;3.10.2&#8243; header_font=&#8221;|300|||||||&#8221; header_font_size=&#8221;15px&#8221; text_orientation=&#8221;center&#8221; background_layout=&#8221;dark&#8221; custom_margin=&#8221;0px||0px||true&#8221; custom_padding=&#8221;0px||0px||true&#8221; custom_padding_phone=&#8221;20px|||&#8221; custom_padding_last_edited=&#8221;on|phone&#8221; locked=&#8221;off&#8221;]<br \/>\n[\/et_pb_blurb][et_pb_blurb title=&#8221;Opera\u00e7\u00e3o, Suporte &amp; Servi\u00e7os Gerenciados&#8221; image=&#8221;https:\/\/samurai.com.br\/wp-content\/uploads\/2018\/06\/Support-Managed-Services2.png&#8221; admin_label=&#8221;1&#8243; _builder_version=&#8221;3.10.2&#8243; header_font=&#8221;|300|||||||&#8221; header_font_size=&#8221;15px&#8221; text_orientation=&#8221;center&#8221; background_layout=&#8221;dark&#8221; custom_margin=&#8221;0px||0px||true&#8221; custom_padding=&#8221;0px||0px||true&#8221; custom_padding_phone=&#8221;20px|||&#8221; custom_padding_last_edited=&#8221;on|phone&#8221; locked=&#8221;off&#8221;]<br \/>\n[\/et_pb_blurb][\/et_pb_column][\/et_pb_row][\/et_pb_section][et_pb_section fb_built=&#8221;1&#8243; _builder_version=&#8221;3.7&#8243; background_color=&#8221;#343437&#8243; background_image=&#8221;https:\/\/samurai.com.br\/wp-content\/uploads\/2018\/06\/Hero-ActStrat.jpg&#8221; background_blend=&#8221;overlay&#8221;][et_pb_row _builder_version=&#8221;3.7&#8243;][et_pb_column type=&#8221;4_4&#8243; _builder_version=&#8221;3.0.47&#8243; parallax=&#8221;off&#8221; parallax_method=&#8221;on&#8221;][et_pb_cta title=&#8221;queremos conhecer os seus desafios&#8221; button_url=&#8221;https:\/\/samurai.com.br\/contato\/&#8221; button_text=&#8221;AGENDAR UMA CONVERSA&#8221; _builder_version=&#8221;3.10.2&#8243; header_font=&#8221;|600||on|||||&#8221; header_font_size=&#8221;35px&#8221; body_font_size=&#8221;16px&#8221; use_background_color=&#8221;off&#8221; custom_button=&#8221;on&#8221; button_text_size=&#8221;27px&#8221; button_border_width=&#8221;3px&#8221; button_border_radius=&#8221;100px&#8221; button_font=&#8221;|600|||||||&#8221; button_icon=&#8221;%%3%%&#8221; button_on_hover=&#8221;off&#8221;]Conte-nos os seus objetivos e teremos um grande prazer em conversar e ajudar voc\u00ea a transformar o seu neg\u00f3cio.<br \/>\n[\/et_pb_cta][\/et_pb_column][\/et_pb_row][\/et_pb_section]<\/p>\n","protected":false},"excerpt":{"rendered":"<p>[et_pb_section fb_built=&#8221;1&#8243; fullwidth=&#8221;on&#8221; disabled_on=&#8221;on|off|off&#8221; _builder_version=&#8221;3.10.2&#8243;][et_pb_fullwidth_slider show_image_video_mobile=&#8221;on&#8221; _builder_version=&#8221;3.10.2&#8243; body_line_height=&#8221;1em&#8221; custom_margin=&#8221;||||false&#8221; custom_margin_last_edited=&#8221;on|phone&#8221; custom_padding_phone=&#8221;|0px||0px|false|true&#8221; custom_padding_last_edited=&#8221;on|phone&#8221;][et_pb_slide heading=&#8221;TRANSFORMA\u00c7\u00c3O DIGITAL&#8221; use_bg_overlay=&#8221;off&#8221; use_text_overlay=&#8221;off&#8221; _builder_version=&#8221;3.10.2&#8243; header_font=&#8221;|600||on|||||&#8221; header_font_size=&#8221;40px&#8221; header_font_size_tablet=&#8221;22px&#8221; header_font_size_phone=&#8221;26px&#8221; header_font_size_last_edited=&#8221;on|tablet&#8221; header_letter_spacing=&#8221;5px&#8221; header_letter_spacing_tablet=&#8221;5px&#8221; header_letter_spacing_phone=&#8221;5px&#8221; header_line_height=&#8221;3em&#8221; header_line_height_tablet=&#8221;3em&#8221; header_line_height_phone=&#8221;3em&#8221; header_line_height_last_edited=&#8221;on|phone&#8221; body_font=&#8221;|300|||||||&#8221; body_font_size=&#8221;37px&#8221; body_font_size_tablet=&#8221;25px&#8221; body_font_size_phone=&#8221;19px&#8221; body_font_size_last_edited=&#8221;on|desktop&#8221; background_image=&#8221;https:\/\/samurai.com.br\/wp-content\/uploads\/2018\/09\/home.jpg&#8221; custom_button=&#8221;on&#8221; button_text_size=&#8221;16px&#8221; button_border_width=&#8221;3px&#8221; button_border_radius=&#8221;100px&#8221; button_font=&#8221;|||on|||||&#8221; button_use_icon=&#8221;on&#8221; button_on_hover=&#8221;on&#8221; button_text_size_tablet=&#8221;16px&#8221; button_text_size_phone=&#8221;16px&#8221; custom_padding=&#8221;10px|||&#8221; custom_padding_tablet=&#8221;10px|||&#8221; custom_padding_phone=&#8221;0px|||&#8221; custom_padding_last_edited=&#8221;on|phone&#8221; text_shadow_style=&#8221;preset1&#8243; custom_css_main_element=&#8221;height:100vh;&#8221;]Building the Next-Generation Customer Experience [\/et_pb_slide][\/et_pb_fullwidth_slider][\/et_pb_section][et_pb_section [&hellip;]<\/p>\n","protected":false},"author":6,"featured_media":0,"parent":0,"menu_order":0,"comment_status":"closed","ping_status":"closed","template":"","meta":[],"yoast_head":"<!-- This site is optimized with the Yoast SEO plugin v14.9 - https:\/\/yoast.com\/wordpress\/plugins\/seo\/ -->\n<title>Home - Samurai Transforma\u00e7\u00e3o Digital<\/title>\n<meta name=\"robots\" content=\"index, follow, max-snippet:-1, max-image-preview:large, max-video-preview:-1\" \/>\n<link rel=\"canonical\" href=\"https:\/\/www.samurai.com.br\/\" \/>\n<meta property=\"og:locale\" content=\"pt_BR\" \/>\n<meta property=\"og:type\" content=\"article\" \/>\n<meta property=\"og:title\" content=\"Home - Samurai Transforma\u00e7\u00e3o Digital\" \/>\n<meta property=\"og:description\" content=\"[et_pb_section fb_built=&#8221;1&#8243; fullwidth=&#8221;on&#8221; disabled_on=&#8221;on|off|off&#8221; _builder_version=&#8221;3.10.2&#8243;][et_pb_fullwidth_slider show_image_video_mobile=&#8221;on&#8221; _builder_version=&#8221;3.10.2&#8243; body_line_height=&#8221;1em&#8221; custom_margin=&#8221;||||false&#8221; custom_margin_last_edited=&#8221;on|phone&#8221; custom_padding_phone=&#8221;|0px||0px|false|true&#8221; custom_padding_last_edited=&#8221;on|phone&#8221;][et_pb_slide heading=&#8221;TRANSFORMA\u00c7\u00c3O DIGITAL&#8221; use_bg_overlay=&#8221;off&#8221; use_text_overlay=&#8221;off&#8221; _builder_version=&#8221;3.10.2&#8243; header_font=&#8221;|600||on|||||&#8221; header_font_size=&#8221;40px&#8221; header_font_size_tablet=&#8221;22px&#8221; header_font_size_phone=&#8221;26px&#8221; header_font_size_last_edited=&#8221;on|tablet&#8221; header_letter_spacing=&#8221;5px&#8221; header_letter_spacing_tablet=&#8221;5px&#8221; header_letter_spacing_phone=&#8221;5px&#8221; header_line_height=&#8221;3em&#8221; header_line_height_tablet=&#8221;3em&#8221; header_line_height_phone=&#8221;3em&#8221; header_line_height_last_edited=&#8221;on|phone&#8221; body_font=&#8221;|300|||||||&#8221; body_font_size=&#8221;37px&#8221; body_font_size_tablet=&#8221;25px&#8221; body_font_size_phone=&#8221;19px&#8221; body_font_size_last_edited=&#8221;on|desktop&#8221; background_image=&#8221;https:\/\/samurai.com.br\/wp-content\/uploads\/2018\/09\/home.jpg&#8221; custom_button=&#8221;on&#8221; button_text_size=&#8221;16px&#8221; button_border_width=&#8221;3px&#8221; button_border_radius=&#8221;100px&#8221; button_font=&#8221;|||on|||||&#8221; button_use_icon=&#8221;on&#8221; button_on_hover=&#8221;on&#8221; button_text_size_tablet=&#8221;16px&#8221; button_text_size_phone=&#8221;16px&#8221; custom_padding=&#8221;10px|||&#8221; custom_padding_tablet=&#8221;10px|||&#8221; custom_padding_phone=&#8221;0px|||&#8221; custom_padding_last_edited=&#8221;on|phone&#8221; text_shadow_style=&#8221;preset1&#8243; custom_css_main_element=&#8221;height:100vh;&#8221;]Building the Next-Generation Customer Experience [\/et_pb_slide][\/et_pb_fullwidth_slider][\/et_pb_section][et_pb_section [&hellip;]\" \/>\n<meta property=\"og:url\" content=\"https:\/\/www.samurai.com.br\/\" \/>\n<meta property=\"og:site_name\" content=\"Samurai Transforma\u00e7\u00e3o Digital\" \/>\n<meta property=\"article:modified_time\" content=\"2020-10-09T18:24:35+00:00\" \/>\n<meta name=\"twitter:card\" content=\"summary_large_image\" \/>\n<script type=\"application\/ld+json\" class=\"yoast-schema-graph\">{\"@context\":\"https:\/\/schema.org\",\"@graph\":[{\"@type\":\"WebSite\",\"@id\":\"https:\/\/samurai.com.br\/#website\",\"url\":\"https:\/\/samurai.com.br\/\",\"name\":\"Samurai Transforma\\u00e7\\u00e3o Digital\",\"description\":\"Servi\\u00e7os de Transforma\\u00e7\\u00e3o Digital\",\"potentialAction\":[{\"@type\":\"SearchAction\",\"target\":\"https:\/\/samurai.com.br\/?s={search_term_string}\",\"query-input\":\"required name=search_term_string\"}],\"inLanguage\":\"pt-BR\"},{\"@type\":\"WebPage\",\"@id\":\"https:\/\/www.samurai.com.br\/#webpage\",\"url\":\"https:\/\/www.samurai.com.br\/\",\"name\":\"Home - Samurai Transforma\\u00e7\\u00e3o Digital\",\"isPartOf\":{\"@id\":\"https:\/\/samurai.com.br\/#website\"},\"datePublished\":\"2018-06-20T15:13:40+00:00\",\"dateModified\":\"2020-10-09T18:24:35+00:00\",\"inLanguage\":\"pt-BR\",\"potentialAction\":[{\"@type\":\"ReadAction\",\"target\":[\"https:\/\/www.samurai.com.br\/\"]}]}]}<\/script>\n<!-- \/ Yoast SEO plugin. -->","_links":{"self":[{"href":"https:\/\/samurai.com.br\/index.php?rest_route=\/wp\/v2\/pages\/306"}],"collection":[{"href":"https:\/\/samurai.com.br\/index.php?rest_route=\/wp\/v2\/pages"}],"about":[{"href":"https:\/\/samurai.com.br\/index.php?rest_route=\/wp\/v2\/types\/page"}],"author":[{"embeddable":true,"href":"https:\/\/samurai.com.br\/index.php?rest_route=\/wp\/v2\/users\/6"}],"replies":[{"embeddable":true,"href":"https:\/\/samurai.com.br\/index.php?rest_route=%2Fwp%2Fv2%2Fcomments&post=306"}],"version-history":[{"count":232,"href":"https:\/\/samurai.com.br\/index.php?rest_route=\/wp\/v2\/pages\/306\/revisions"}],"predecessor-version":[{"id":2191,"href":"https:\/\/samurai.com.br\/index.php?rest_route=\/wp\/v2\/pages\/306\/revisions\/2191"}],"wp:attachment":[{"href":"https:\/\/samurai.com.br\/index.php?rest_route=%2Fwp%2Fv2%2Fmedia&parent=306"}],"curies":[{"name":"wp","href":"https:\/\/api.w.org\/{rel}","templated":true}]}}