{"id":590,"date":"2018-07-02T20:40:40","date_gmt":"2018-07-02T20:40:40","guid":{"rendered":"https:\/\/samurai.com.br\/?page_id=590"},"modified":"2021-07-15T20:07:55","modified_gmt":"2021-07-15T23:07:55","slug":"solucoes","status":"publish","type":"page","link":"https:\/\/samurai.com.br\/?page_id=590","title":{"rendered":"Solu\u00e7\u00f5es"},"content":{"rendered":"<p>[et_pb_section fb_built=&#8221;1&#8243; fullwidth=&#8221;on&#8221; _builder_version=&#8221;3.10.2&#8243; custom_padding=&#8221;0px|0px|0|0px|false|false&#8221;][et_pb_fullwidth_slider _builder_version=&#8221;3.10.2&#8243; header_font=&#8221;|600|||||||&#8221; header_font_size=&#8221;40px&#8221; header_letter_spacing=&#8221;10px&#8221; header_line_height=&#8221;3em&#8221;][et_pb_slide heading=&#8221;SOLU\u00c7\u00d5ES INOVADORAS&#8221; use_bg_overlay=&#8221;off&#8221; use_text_overlay=&#8221;off&#8221; _builder_version=&#8221;3.10.2&#8243; header_font=&#8221;||||||||&#8221; header_font_size_phone=&#8221;25px&#8221; header_font_size_last_edited=&#8221;on|phone&#8221; header_letter_spacing_phone=&#8221;5px&#8221; header_letter_spacing_last_edited=&#8221;on|phone&#8221; body_font=&#8221;|300|||||||&#8221; body_font_size=&#8221;28px&#8221; body_font_size_tablet=&#8221;28px&#8221; body_font_size_phone=&#8221;20px&#8221; body_font_size_last_edited=&#8221;on|phone&#8221; background_image=&#8221;https:\/\/samurai.com.br\/wp-content\/uploads\/2018\/09\/pin-01.jpg&#8221; button_on_hover=&#8221;on&#8221; custom_padding=&#8221;80px|||&#8221; custom_padding_tablet=&#8221;80px|||&#8221; custom_padding_phone=&#8221;50px||120px|&#8221; custom_padding_last_edited=&#8221;on|desktop&#8221;]V\u00eddeo-Atendimento, Business Inteligence, Chip Multi-Operadora e o que mais voc\u00ea precisar.<br \/>\n[\/et_pb_slide][\/et_pb_fullwidth_slider][\/et_pb_section][et_pb_section fb_built=&#8221;1&#8243; _builder_version=&#8221;3.7&#8243; custom_padding=&#8221;61px|0px|80px|0px|false|false&#8221;][\/et_pb_section][et_pb_section fb_built=&#8221;1&#8243; _builder_version=&#8221;3.7&#8243; background_color=&#8221;#f4f4f4&#8243; custom_padding=&#8221;54px|0px|80px|0px|false|false&#8221;][et_pb_row _builder_version=&#8221;3.7&#8243;][et_pb_column type=&#8221;4_4&#8243; _builder_version=&#8221;3.0.47&#8243; parallax=&#8221;off&#8221; parallax_method=&#8221;on&#8221;][et_pb_text _builder_version=&#8221;3.7&#8243; text_font=&#8221;||||||||&#8221; text_text_color=&#8221;#8e8e8e&#8221; text_letter_spacing=&#8221;3px&#8221; header_font=&#8221;||||||||&#8221; text_orientation=&#8221;center&#8221; custom_margin=&#8221;||0px|&#8221; custom_padding=&#8221;|||&#8221; animation_style=&#8221;slide&#8221; animation_direction=&#8221;top&#8221;]ATENDIMENTO VISUAL REMOTO COM REALIDADE AUMENTADA<br \/>\n[\/et_pb_text][et_pb_text _builder_version=&#8221;3.10.2&#8243; text_font=&#8221;Raleway|800|||||||&#8221; text_letter_spacing=&#8221;3px&#8221; header_font=&#8221;||||||||&#8221; header_2_font=&#8221;|600|||||||&#8221; header_2_font_size=&#8221;40px&#8221; header_2_letter_spacing=&#8221;10px&#8221; text_orientation=&#8221;center&#8221; custom_margin=&#8221;0px|||&#8221; custom_padding=&#8221;0px|||&#8221; animation_style=&#8221;slide&#8221; animation_direction=&#8221;bottom&#8221; animation_delay=&#8221;500ms&#8221; animation_intensity_slide=&#8221;5%&#8221;]<\/p>\n<h2>BLITZZ<\/h2>\n<p>[\/et_pb_text][et_pb_divider divider_style=&#8221;dotted&#8221; divider_weight=&#8221;5px&#8221; _builder_version=&#8221;3.7&#8243; max_width=&#8221;8%&#8221; max_width_phone=&#8221;20%&#8221; max_width_last_edited=&#8221;on|phone&#8221; module_alignment=&#8221;center&#8221; animation_style=&#8221;fade&#8221; animation_delay=&#8221;800ms&#8221;][\/et_pb_divider][\/et_pb_column][\/et_pb_row][et_pb_row use_custom_gutter=&#8221;on&#8221; gutter_width=&#8221;1&#8243; custom_padding=&#8221;10px|10px|0|10px|false|false&#8221; custom_margin=&#8221;|||&#8221; padding_top_bottom_link_2=&#8221;false&#8221; padding_top_bottom_link_3=&#8221;false&#8221; padding_left_right_link_2=&#8221;true&#8221; padding_left_right_link_3=&#8221;true&#8221; padding_top_1=&#8221;10px&#8221; padding_top_2=&#8221;10px&#8221; padding_top_3=&#8221;10px&#8221; padding_top_4=&#8221;10px&#8221; padding_right_1=&#8221;10px&#8221; padding_right_2=&#8221;10px&#8221; padding_right_3=&#8221;10px&#8221; padding_right_4=&#8221;10px&#8221; padding_bottom_1=&#8221;0px&#8221; padding_bottom_2=&#8221;0px&#8221; padding_bottom_3=&#8221;0px&#8221; padding_bottom_4=&#8221;0px&#8221; padding_left_1=&#8221;10px&#8221; padding_left_2=&#8221;10px&#8221; padding_left_3=&#8221;10px&#8221; padding_left_4=&#8221;10px&#8221; _builder_version=&#8221;3.7&#8243; border_radii=&#8221;||||&#8221;][et_pb_column type=&#8221;1_3&#8243; _builder_version=&#8221;3.0.47&#8243; padding_bottom=&#8221;0px&#8221; padding_left=&#8221;10px&#8221; padding_right=&#8221;10px&#8221; padding_top=&#8221;10px&#8221; parallax=&#8221;off&#8221; parallax_method=&#8221;on&#8221;][et_pb_video src=&#8221;https:\/\/www.youtube.com\/watch?v=Gvj_V3hrlyc&#8221; _builder_version=&#8221;3.10.2&#8243;][\/et_pb_video][et_pb_text _builder_version=&#8221;3.7&#8243; custom_padding=&#8221;20px|10px||10px|false|true&#8221;]<\/p>\n<h3>Atendimento Remoto com V\u00eddeo<\/h3>\n<p>As empresas usam a Blitzz para fazer mais, aumentar os lucros e melhorar a satisfa\u00e7\u00e3o do cliente sem frustrar os usu\u00e1rios com software complexo.<br \/>\n[\/et_pb_text][et_pb_divider color=&#8221;#e0e0e0&#8243; divider_style=&#8221;dashed&#8221; divider_position=&#8221;center&#8221; _builder_version=&#8221;3.7&#8243;][\/et_pb_divider][\/et_pb_column][et_pb_column type=&#8221;1_3&#8243; _builder_version=&#8221;3.0.47&#8243; padding_bottom=&#8221;0px&#8221; padding_left=&#8221;10px&#8221; padding_right=&#8221;10px&#8221; padding_top=&#8221;10px&#8221; parallax=&#8221;off&#8221; parallax_method=&#8221;on&#8221;][et_pb_video src=&#8221;https:\/\/f.hubspotusercontent30.net\/hubfs\/3487281\/Videos\/blitzz%20inspect.mp4&#8243; _builder_version=&#8221;3.10.2&#8243;][\/et_pb_video][et_pb_text _builder_version=&#8221;3.7&#8243; custom_padding=&#8221;20px|10px||10px|false|true&#8221;]<\/p>\n<h3>L\u00edderes da ind\u00fastria adotaram<\/h3>\n<p>A Blitzz ajudou as empresas a economizar tempo e dinheiro e, ao mesmo tempo, aumentar a satisfa\u00e7\u00e3o do cliente.\u00a0Voc\u00ea tem que conhecer.<br \/>\n[\/et_pb_text][et_pb_divider color=&#8221;#e0e0e0&#8243; divider_style=&#8221;dashed&#8221; divider_position=&#8221;center&#8221; _builder_version=&#8221;3.7&#8243;][\/et_pb_divider][\/et_pb_column][et_pb_column type=&#8221;1_3&#8243; _builder_version=&#8221;3.0.47&#8243; padding_bottom=&#8221;0px&#8221; padding_left=&#8221;10px&#8221; padding_right=&#8221;10px&#8221; padding_top=&#8221;10px&#8221; parallax=&#8221;off&#8221; parallax_method=&#8221;on&#8221;][et_pb_video src=&#8221;https:\/\/www.samurai.com.br\/wp-content\/uploads\/2021\/07\/Blitzz-Overview.mp4&#8243; _builder_version=&#8221;3.10.2&#8243;][\/et_pb_video][et_pb_text _builder_version=&#8221;3.7&#8243; custom_padding=&#8221;20px|10px||10px|false|true&#8221;]<\/p>\n<h3>Veja como \u00e9 simples de usar<\/h3>\n<p>Sua plataforma de resolu\u00e7\u00e3o de problemas e vendas visuais remotas para centros de atendimento ao cliente e equipes de servi\u00e7o de campo.<br \/>\n[\/et_pb_text][et_pb_divider color=&#8221;#e0e0e0&#8243; divider_style=&#8221;dashed&#8221; divider_position=&#8221;center&#8221; _builder_version=&#8221;3.7&#8243;][\/et_pb_divider][\/et_pb_column][\/et_pb_row][\/et_pb_section][et_pb_section fb_built=&#8221;1&#8243; _builder_version=&#8221;3.7&#8243; background_color=&#8221;#f4f4f4&#8243; custom_padding=&#8221;54px|0px|80px|0px|false|false&#8221;][et_pb_row _builder_version=&#8221;3.7&#8243;][et_pb_column type=&#8221;4_4&#8243; _builder_version=&#8221;3.0.47&#8243; parallax=&#8221;off&#8221; parallax_method=&#8221;on&#8221;][et_pb_text _builder_version=&#8221;3.7&#8243; text_font=&#8221;||||||||&#8221; text_text_color=&#8221;#8e8e8e&#8221; text_letter_spacing=&#8221;3px&#8221; header_font=&#8221;||||||||&#8221; text_orientation=&#8221;center&#8221; custom_margin=&#8221;||0px|&#8221; custom_padding=&#8221;|||&#8221; animation_style=&#8221;slide&#8221; animation_direction=&#8221;top&#8221;]<\/p>\n<p>GEST\u00c3O INTELIGENTE DE CONECTIVIDADE EM M\u00daLTIPLAS OPERADORAS<\/p>\n<p>[\/et_pb_text][et_pb_text _builder_version=&#8221;3.10.2&#8243; text_font=&#8221;Raleway|800|||||||&#8221; text_letter_spacing=&#8221;3px&#8221; header_font=&#8221;||||||||&#8221; header_2_font=&#8221;|600|||||||&#8221; header_2_font_size=&#8221;40px&#8221; header_2_letter_spacing=&#8221;10px&#8221; text_orientation=&#8221;center&#8221; custom_margin=&#8221;0px|||&#8221; custom_padding=&#8221;0px|||&#8221; animation_style=&#8221;slide&#8221; animation_direction=&#8221;bottom&#8221; animation_delay=&#8221;500ms&#8221; animation_intensity_slide=&#8221;5%&#8221;]<\/p>\n<h2>EMNIFY<\/h2>\n<p>[\/et_pb_text][et_pb_divider divider_style=&#8221;dotted&#8221; divider_weight=&#8221;5px&#8221; _builder_version=&#8221;3.7&#8243; max_width=&#8221;8%&#8221; max_width_phone=&#8221;20%&#8221; max_width_last_edited=&#8221;on|phone&#8221; module_alignment=&#8221;center&#8221; animation_style=&#8221;fade&#8221; animation_delay=&#8221;800ms&#8221;][\/et_pb_divider][\/et_pb_column][\/et_pb_row][et_pb_row use_custom_gutter=&#8221;on&#8221; gutter_width=&#8221;1&#8243; custom_padding=&#8221;10px|10px|0|10px|false|false&#8221; custom_margin=&#8221;|||&#8221; padding_top_bottom_link_2=&#8221;false&#8221; padding_top_bottom_link_3=&#8221;false&#8221; padding_left_right_link_2=&#8221;true&#8221; padding_left_right_link_3=&#8221;true&#8221; padding_top_1=&#8221;10px&#8221; padding_top_2=&#8221;10px&#8221; padding_top_3=&#8221;10px&#8221; padding_top_4=&#8221;10px&#8221; padding_right_1=&#8221;10px&#8221; padding_right_2=&#8221;10px&#8221; padding_right_3=&#8221;10px&#8221; padding_right_4=&#8221;10px&#8221; padding_bottom_1=&#8221;0px&#8221; padding_bottom_2=&#8221;0px&#8221; padding_bottom_3=&#8221;0px&#8221; padding_bottom_4=&#8221;0px&#8221; padding_left_1=&#8221;10px&#8221; padding_left_2=&#8221;10px&#8221; padding_left_3=&#8221;10px&#8221; padding_left_4=&#8221;10px&#8221; _builder_version=&#8221;3.7&#8243; border_radii=&#8221;||||&#8221;][et_pb_column type=&#8221;1_3&#8243; _builder_version=&#8221;3.0.47&#8243; padding_bottom=&#8221;0px&#8221; padding_left=&#8221;10px&#8221; padding_right=&#8221;10px&#8221; padding_top=&#8221;10px&#8221; parallax=&#8221;off&#8221; parallax_method=&#8221;on&#8221;][et_pb_video src=&#8221;https:\/\/youtu.be\/xva2w3CkTjA&#8221; _builder_version=&#8221;3.10.2&#8243;][\/et_pb_video][et_pb_text _builder_version=&#8221;3.7&#8243; custom_padding=&#8221;20px|10px||10px|false|true&#8221;]<\/p>\n<h3>Conectividade IoT simplificada<\/h3>\n<p>Com integra\u00e7\u00f5es nativas da nuvem e um \u00fanico\u00a0 cart\u00e3o SIM de IoT para uso mundial, ajudamos as empresas a criar aplicativos de IoT de r\u00e1pido crescimento.<\/p>\n<p>[\/et_pb_text][et_pb_divider color=&#8221;#e0e0e0&#8243; divider_style=&#8221;dashed&#8221; divider_position=&#8221;center&#8221; _builder_version=&#8221;3.7&#8243;][\/et_pb_divider][\/et_pb_column][et_pb_column type=&#8221;1_3&#8243; _builder_version=&#8221;3.0.47&#8243; padding_bottom=&#8221;0px&#8221; padding_left=&#8221;10px&#8221; padding_right=&#8221;10px&#8221; padding_top=&#8221;10px&#8221; parallax=&#8221;off&#8221; parallax_method=&#8221;on&#8221;][et_pb_video src=&#8221;https:\/\/youtu.be\/eIdTUTjJ1oA&#8221; _builder_version=&#8221;3.10.2&#8243;][\/et_pb_video][et_pb_text _builder_version=&#8221;3.7&#8243; custom_padding=&#8221;20px|10px||10px|false|true&#8221;]<\/p>\n<h3>Redu\u00e7\u00e3o da lat\u00eancia da conectividade na nuvem<\/h3>\n<p>Obtenha a melhor cobertura de celular para seus dispositivos em todo o mundo com os cart\u00f5es IoT SIM de v\u00e1rias redes da EMnify &#8211; mesmo em \u00e1reas internas, subterr\u00e2neas ou rurais.<\/p>\n<p>[\/et_pb_text][et_pb_divider color=&#8221;#e0e0e0&#8243; divider_style=&#8221;dashed&#8221; divider_position=&#8221;center&#8221; _builder_version=&#8221;3.7&#8243;][\/et_pb_divider][\/et_pb_column][et_pb_column type=&#8221;1_3&#8243; _builder_version=&#8221;3.0.47&#8243; padding_bottom=&#8221;0px&#8221; padding_left=&#8221;10px&#8221; padding_right=&#8221;10px&#8221; padding_top=&#8221;10px&#8221; parallax=&#8221;off&#8221; parallax_method=&#8221;on&#8221;][et_pb_video src=&#8221;https:\/\/youtu.be\/z4Slk8-4_lo&#8221; _builder_version=&#8221;3.10.2&#8243;][\/et_pb_video][et_pb_text _builder_version=&#8221;3.7&#8243; custom_padding=&#8221;20px|10px||10px|false|true&#8221;]<\/p>\n<h3>Conex\u00f5es locais em implanta\u00e7\u00f5es globais de IoT<\/h3>\n<p>Neste v\u00eddeo, vamos aprender como configurar conex\u00f5es regionais para seus cart\u00f5es SIM para implant\u00e1-los globalmente.<\/p>\n<p>[\/et_pb_text][et_pb_divider color=&#8221;#e0e0e0&#8243; divider_style=&#8221;dashed&#8221; divider_position=&#8221;center&#8221; _builder_version=&#8221;3.7&#8243;][\/et_pb_divider][\/et_pb_column][\/et_pb_row][\/et_pb_section][et_pb_section fb_built=&#8221;1&#8243; _builder_version=&#8221;3.7&#8243; background_color=&#8221;#343437&#8243; background_image=&#8221;https:\/\/samurai.com.br\/wp-content\/uploads\/2018\/06\/Hero-ActStrat.jpg&#8221; background_blend=&#8221;overlay&#8221;][et_pb_row _builder_version=&#8221;3.7&#8243;][et_pb_column type=&#8221;4_4&#8243; _builder_version=&#8221;3.0.47&#8243; parallax=&#8221;off&#8221; parallax_method=&#8221;on&#8221;][et_pb_cta title=&#8221;QUEREMOS CONHECER OS SEUS DESAFIOS&#8221; button_url=&#8221;https:\/\/samurai.com.br\/contato\/&#8221; button_text=&#8221;AGENDAR UMA CONVERSA&#8221; _builder_version=&#8221;3.10.2&#8243; header_font=&#8221;|600||on|||||&#8221; header_font_size=&#8221;35px&#8221; body_font_size=&#8221;16px&#8221; use_background_color=&#8221;off&#8221; custom_button=&#8221;on&#8221; button_text_size=&#8221;27px&#8221; button_border_width=&#8221;3px&#8221; button_border_radius=&#8221;100px&#8221; button_font=&#8221;|600|||||||&#8221; button_icon=&#8221;%%3%%&#8221; button_on_hover=&#8221;off&#8221;]Conte-nos os seus objetivos e teremos um grande prazer em conversar e ajudar voc\u00ea a transformar o seu neg\u00f3cio.<br \/>\n[\/et_pb_cta][\/et_pb_column][\/et_pb_row][\/et_pb_section][et_pb_section fb_built=&#8221;1&#8243; _builder_version=&#8221;3.7&#8243; background_color=&#8221;#a70000&#8243;][et_pb_row custom_padding=&#8221;0|0px|0|0px|false|false&#8221; _builder_version=&#8221;3.7&#8243;][et_pb_column type=&#8221;4_4&#8243; _builder_version=&#8221;3.0.47&#8243; parallax=&#8221;off&#8221; parallax_method=&#8221;on&#8221;][et_pb_social_media_follow _builder_version=&#8221;3.10.2&#8243; border_radii=&#8221;on|0px|0px|0px|0px&#8221; text_orientation=&#8221;center&#8221; background_layout=&#8221;dark&#8221; custom_margin=&#8221;|||&#8221;][et_pb_social_media_follow_network social_network=&#8221;linkedin&#8221; url=&#8221;https:\/\/www.linkedin.com\/company\/samurai-special-projects\/&#8221; _builder_version=&#8221;3.10.2&#8243; background_color=&#8221;#007bb6&#8243; follow_button=&#8221;off&#8221; url_new_window=&#8221;on&#8221;]linkedin[\/et_pb_social_media_follow_network][\/et_pb_social_media_follow][\/et_pb_column][\/et_pb_row][\/et_pb_section]<\/p>\n","protected":false},"excerpt":{"rendered":"<p>[et_pb_section fb_built=&#8221;1&#8243; fullwidth=&#8221;on&#8221; _builder_version=&#8221;3.10.2&#8243; custom_padding=&#8221;0px|0px|0|0px|false|false&#8221;][et_pb_fullwidth_slider _builder_version=&#8221;3.10.2&#8243; header_font=&#8221;|600|||||||&#8221; header_font_size=&#8221;40px&#8221; header_letter_spacing=&#8221;10px&#8221; header_line_height=&#8221;3em&#8221;][et_pb_slide heading=&#8221;SOLU\u00c7\u00d5ES INOVADORAS&#8221; use_bg_overlay=&#8221;off&#8221; use_text_overlay=&#8221;off&#8221; _builder_version=&#8221;3.10.2&#8243; header_font=&#8221;||||||||&#8221; header_font_size_phone=&#8221;25px&#8221; header_font_size_last_edited=&#8221;on|phone&#8221; header_letter_spacing_phone=&#8221;5px&#8221; header_letter_spacing_last_edited=&#8221;on|phone&#8221; body_font=&#8221;|300|||||||&#8221; body_font_size=&#8221;28px&#8221; body_font_size_tablet=&#8221;28px&#8221; body_font_size_phone=&#8221;20px&#8221; body_font_size_last_edited=&#8221;on|phone&#8221; background_image=&#8221;https:\/\/samurai.com.br\/wp-content\/uploads\/2018\/09\/pin-01.jpg&#8221; button_on_hover=&#8221;on&#8221; custom_padding=&#8221;80px|||&#8221; custom_padding_tablet=&#8221;80px|||&#8221; custom_padding_phone=&#8221;50px||120px|&#8221; custom_padding_last_edited=&#8221;on|desktop&#8221;]V\u00eddeo-Atendimento, Business Inteligence, Chip Multi-Operadora e o que mais voc\u00ea precisar. [\/et_pb_slide][\/et_pb_fullwidth_slider][\/et_pb_section][et_pb_section fb_built=&#8221;1&#8243; _builder_version=&#8221;3.7&#8243; custom_padding=&#8221;61px|0px|80px|0px|false|false&#8221;][\/et_pb_section][et_pb_section fb_built=&#8221;1&#8243; _builder_version=&#8221;3.7&#8243; background_color=&#8221;#f4f4f4&#8243; custom_padding=&#8221;54px|0px|80px|0px|false|false&#8221;][et_pb_row _builder_version=&#8221;3.7&#8243;][et_pb_column type=&#8221;4_4&#8243; _builder_version=&#8221;3.0.47&#8243; parallax=&#8221;off&#8221; parallax_method=&#8221;on&#8221;][et_pb_text _builder_version=&#8221;3.7&#8243; [&hellip;]<\/p>\n","protected":false},"author":6,"featured_media":0,"parent":0,"menu_order":0,"comment_status":"closed","ping_status":"closed","template":"","meta":[],"yoast_head":"<!-- This site is optimized with the Yoast SEO plugin v14.9 - https:\/\/yoast.com\/wordpress\/plugins\/seo\/ -->\n<title>Solu\u00e7\u00f5es - Samurai Transforma\u00e7\u00e3o Digital<\/title>\n<meta name=\"robots\" content=\"index, follow, max-snippet:-1, max-image-preview:large, max-video-preview:-1\" \/>\n<link rel=\"canonical\" href=\"https:\/\/www.samurai.com.br\/?page_id=590\" \/>\n<meta property=\"og:locale\" content=\"pt_BR\" \/>\n<meta property=\"og:type\" content=\"article\" \/>\n<meta property=\"og:title\" content=\"Solu\u00e7\u00f5es - Samurai Transforma\u00e7\u00e3o Digital\" \/>\n<meta property=\"og:description\" content=\"[et_pb_section fb_built=&#8221;1&#8243; fullwidth=&#8221;on&#8221; _builder_version=&#8221;3.10.2&#8243; custom_padding=&#8221;0px|0px|0|0px|false|false&#8221;][et_pb_fullwidth_slider _builder_version=&#8221;3.10.2&#8243; header_font=&#8221;|600|||||||&#8221; header_font_size=&#8221;40px&#8221; header_letter_spacing=&#8221;10px&#8221; header_line_height=&#8221;3em&#8221;][et_pb_slide heading=&#8221;SOLU\u00c7\u00d5ES INOVADORAS&#8221; use_bg_overlay=&#8221;off&#8221; use_text_overlay=&#8221;off&#8221; _builder_version=&#8221;3.10.2&#8243; header_font=&#8221;||||||||&#8221; header_font_size_phone=&#8221;25px&#8221; header_font_size_last_edited=&#8221;on|phone&#8221; header_letter_spacing_phone=&#8221;5px&#8221; header_letter_spacing_last_edited=&#8221;on|phone&#8221; body_font=&#8221;|300|||||||&#8221; body_font_size=&#8221;28px&#8221; body_font_size_tablet=&#8221;28px&#8221; body_font_size_phone=&#8221;20px&#8221; body_font_size_last_edited=&#8221;on|phone&#8221; background_image=&#8221;https:\/\/samurai.com.br\/wp-content\/uploads\/2018\/09\/pin-01.jpg&#8221; button_on_hover=&#8221;on&#8221; custom_padding=&#8221;80px|||&#8221; custom_padding_tablet=&#8221;80px|||&#8221; custom_padding_phone=&#8221;50px||120px|&#8221; custom_padding_last_edited=&#8221;on|desktop&#8221;]V\u00eddeo-Atendimento, Business Inteligence, Chip Multi-Operadora e o que mais voc\u00ea precisar. [\/et_pb_slide][\/et_pb_fullwidth_slider][\/et_pb_section][et_pb_section fb_built=&#8221;1&#8243; _builder_version=&#8221;3.7&#8243; custom_padding=&#8221;61px|0px|80px|0px|false|false&#8221;][\/et_pb_section][et_pb_section fb_built=&#8221;1&#8243; _builder_version=&#8221;3.7&#8243; background_color=&#8221;#f4f4f4&#8243; custom_padding=&#8221;54px|0px|80px|0px|false|false&#8221;][et_pb_row _builder_version=&#8221;3.7&#8243;][et_pb_column type=&#8221;4_4&#8243; _builder_version=&#8221;3.0.47&#8243; parallax=&#8221;off&#8221; parallax_method=&#8221;on&#8221;][et_pb_text _builder_version=&#8221;3.7&#8243; [&hellip;]\" \/>\n<meta property=\"og:url\" content=\"https:\/\/www.samurai.com.br\/?page_id=590\" \/>\n<meta property=\"og:site_name\" content=\"Samurai Transforma\u00e7\u00e3o Digital\" \/>\n<meta property=\"article:modified_time\" content=\"2021-07-15T23:07:55+00:00\" \/>\n<meta name=\"twitter:card\" content=\"summary_large_image\" \/>\n<script type=\"application\/ld+json\" class=\"yoast-schema-graph\">{\"@context\":\"https:\/\/schema.org\",\"@graph\":[{\"@type\":\"WebSite\",\"@id\":\"https:\/\/samurai.com.br\/#website\",\"url\":\"https:\/\/samurai.com.br\/\",\"name\":\"Samurai Transforma\\u00e7\\u00e3o Digital\",\"description\":\"Servi\\u00e7os de Transforma\\u00e7\\u00e3o Digital\",\"potentialAction\":[{\"@type\":\"SearchAction\",\"target\":\"https:\/\/samurai.com.br\/?s={search_term_string}\",\"query-input\":\"required name=search_term_string\"}],\"inLanguage\":\"pt-BR\"},{\"@type\":\"WebPage\",\"@id\":\"https:\/\/www.samurai.com.br\/?page_id=590#webpage\",\"url\":\"https:\/\/www.samurai.com.br\/?page_id=590\",\"name\":\"Solu\\u00e7\\u00f5es - Samurai Transforma\\u00e7\\u00e3o Digital\",\"isPartOf\":{\"@id\":\"https:\/\/samurai.com.br\/#website\"},\"datePublished\":\"2018-07-02T20:40:40+00:00\",\"dateModified\":\"2021-07-15T23:07:55+00:00\",\"inLanguage\":\"pt-BR\",\"potentialAction\":[{\"@type\":\"ReadAction\",\"target\":[\"https:\/\/www.samurai.com.br\/?page_id=590\"]}]}]}<\/script>\n<!-- \/ Yoast SEO plugin. -->","_links":{"self":[{"href":"https:\/\/samurai.com.br\/index.php?rest_route=\/wp\/v2\/pages\/590"}],"collection":[{"href":"https:\/\/samurai.com.br\/index.php?rest_route=\/wp\/v2\/pages"}],"about":[{"href":"https:\/\/samurai.com.br\/index.php?rest_route=\/wp\/v2\/types\/page"}],"author":[{"embeddable":true,"href":"https:\/\/samurai.com.br\/index.php?rest_route=\/wp\/v2\/users\/6"}],"replies":[{"embeddable":true,"href":"https:\/\/samurai.com.br\/index.php?rest_route=%2Fwp%2Fv2%2Fcomments&post=590"}],"version-history":[{"count":94,"href":"https:\/\/samurai.com.br\/index.php?rest_route=\/wp\/v2\/pages\/590\/revisions"}],"predecessor-version":[{"id":2213,"href":"https:\/\/samurai.com.br\/index.php?rest_route=\/wp\/v2\/pages\/590\/revisions\/2213"}],"wp:attachment":[{"href":"https:\/\/samurai.com.br\/index.php?rest_route=%2Fwp%2Fv2%2Fmedia&parent=590"}],"curies":[{"name":"wp","href":"https:\/\/api.w.org\/{rel}","templated":true}]}}