{"id":743,"date":"2018-07-04T00:18:50","date_gmt":"2018-07-04T00:18:50","guid":{"rendered":"https:\/\/samurai.com.br\/?page_id=743"},"modified":"2021-07-15T20:16:56","modified_gmt":"2021-07-15T23:16:56","slug":"quem-somos","status":"publish","type":"page","link":"https:\/\/samurai.com.br\/?page_id=743","title":{"rendered":"Quem Somos"},"content":{"rendered":"<p>[et_pb_section fb_built=&#8221;1&#8243; fullwidth=&#8221;on&#8221; _builder_version=&#8221;3.10.2&#8243;][et_pb_fullwidth_slider _builder_version=&#8221;3.10.2&#8243; header_font=&#8221;|600|||||||&#8221; header_font_size=&#8221;40px&#8221; header_letter_spacing=&#8221;10px&#8221; header_line_height=&#8221;3em&#8221;][et_pb_slide heading=&#8221;A EMPRESA&#8221; use_bg_overlay=&#8221;off&#8221; use_text_overlay=&#8221;off&#8221; _builder_version=&#8221;3.10.2&#8243; header_font=&#8221;||||||||&#8221; header_font_size_phone=&#8221;25px&#8221; header_font_size_last_edited=&#8221;on|phone&#8221; header_letter_spacing_phone=&#8221;5px&#8221; header_letter_spacing_last_edited=&#8221;on|phone&#8221; body_font=&#8221;|300|||||||&#8221; body_font_size=&#8221;28px&#8221; body_font_size_tablet=&#8221;28px&#8221; body_font_size_phone=&#8221;20px&#8221; body_font_size_last_edited=&#8221;on|phone&#8221; background_image=&#8221;https:\/\/samurai.com.br\/wp-content\/uploads\/2018\/09\/quem-somos.jpg&#8221; button_on_hover=&#8221;on&#8221; custom_padding=&#8221;80px|||&#8221; custom_padding_tablet=&#8221;80px|||&#8221; custom_padding_phone=&#8221;50px||120px|&#8221; custom_padding_last_edited=&#8221;on|desktop&#8221;]<\/p>\n<p style=\"text-align: center;\">&#8220;Tornar o simples em complicado \u00e9 f\u00e1cil,<\/p>\n<p style=\"text-align: center;\">tornar o complicado em simples \u00e9 criatividade&#8221;<\/p>\n<p style=\"text-align: center;\">Charles Mingus<\/p>\n<p>[\/et_pb_slide][\/et_pb_fullwidth_slider][\/et_pb_section][et_pb_section fb_built=&#8221;1&#8243; _builder_version=&#8221;3.10.2&#8243; custom_padding=&#8221;53px|0|80px|0px|false|false&#8221;][et_pb_row _builder_version=&#8221;3.7&#8243;][et_pb_column type=&#8221;4_4&#8243; _builder_version=&#8221;3.0.47&#8243; parallax=&#8221;off&#8221; parallax_method=&#8221;on&#8221;][et_pb_text _builder_version=&#8221;3.10.2&#8243; text_font=&#8221;||||||||&#8221; text_text_color=&#8221;#8e8e8e&#8221; text_letter_spacing=&#8221;3px&#8221; header_font=&#8221;||||||||&#8221; text_orientation=&#8221;center&#8221; custom_margin=&#8221;||0px|&#8221; custom_padding=&#8221;|||&#8221; animation_style=&#8221;slide&#8221; animation_direction=&#8221;top&#8221;]CONHE\u00c7A A<br \/>\n[\/et_pb_text][et_pb_text _builder_version=&#8221;3.10.2&#8243; text_font=&#8221;Raleway|800|||||||&#8221; text_letter_spacing=&#8221;3px&#8221; header_font=&#8221;||||||||&#8221; header_2_font=&#8221;|600|||||||&#8221; header_2_font_size=&#8221;40px&#8221; header_2_font_size_last_edited=&#8221;on|phone&#8221; header_2_letter_spacing=&#8221;4px&#8221; text_orientation=&#8221;center&#8221; custom_margin=&#8221;0px|||&#8221; custom_padding=&#8221;0px|||&#8221; animation_style=&#8221;slide&#8221; animation_direction=&#8221;bottom&#8221; animation_delay=&#8221;500ms&#8221; animation_intensity_slide=&#8221;5%&#8221;]<\/p>\n<h2>SAMURAI<\/h2>\n<p>[\/et_pb_text][et_pb_divider divider_style=&#8221;dotted&#8221; divider_weight=&#8221;5px&#8221; _builder_version=&#8221;3.10.2&#8243; max_width=&#8221;8%&#8221; max_width_phone=&#8221;20%&#8221; max_width_last_edited=&#8221;on|phone&#8221; module_alignment=&#8221;center&#8221; animation_style=&#8221;fade&#8221; animation_delay=&#8221;800ms&#8221;][\/et_pb_divider][\/et_pb_column][\/et_pb_row][et_pb_row use_custom_width=&#8221;on&#8221; width_unit=&#8221;off&#8221; custom_padding=&#8221;0|200px|0|200px|false|true&#8221; custom_padding_phone=&#8221;|0px||0px||true&#8221; custom_padding_last_edited=&#8221;on|phone&#8221; _builder_version=&#8221;3.10.2&#8243;][et_pb_column type=&#8221;4_4&#8243; _builder_version=&#8221;3.0.47&#8243; parallax=&#8221;off&#8221; parallax_method=&#8221;on&#8221;][et_pb_text _builder_version=&#8221;3.10.2&#8243; text_font_size=&#8221;18px&#8221; text_line_height=&#8221;1.4em&#8221; header_text_align=&#8221;justify&#8221; text_orientation=&#8221;justified&#8221;]A Samurai desenvolve projetos especiais para a transforma\u00e7\u00e3o digital dos neg\u00f3cios, utilizando solu\u00e7\u00f5es de tecnologias de comunica\u00e7\u00e3o e informa\u00e7\u00e3o de \u00faltima gera\u00e7\u00e3o. Com expertise estrat\u00e9gica, t\u00e9cnica e operacional,\u00a0ajudamos empresas a criar vantagem competitiva atrav\u00e9s do desenvolvimento de produtos, servi\u00e7os, sistemas e modelos de neg\u00f3cio inovadores,\u00a0 para melhorar o desempenho, reduzir custos, impulsionar a lucratividade e criar resultados sustent\u00e1veis para nossos clientes.<\/p>\n<p>Para enfrentar os desafios de crescimento sustent\u00e1vel de empresas bem sucedidas em um mercado cada vez mais digital e competitivo, n\u00f3s combinamos o pensamento criativo e tecnologias de ponta com a an\u00e1lise de valor e metodologias da gest\u00e3o estrat\u00e9gica e do desenvolvimento \u00e1gil, para criar, implantar e entregar projetos totalmente focados na gera\u00e7\u00e3o de valor, aperfei\u00e7oamento da experi\u00eancia e fideliza\u00e7\u00e3o do cliente final.<br \/>\n[\/et_pb_text][\/et_pb_column][\/et_pb_row][\/et_pb_section][et_pb_section fb_built=&#8221;1&#8243; _builder_version=&#8221;3.10.2&#8243; background_color=&#8221;#a70000&#8243; custom_padding=&#8221;80px|0px|80px|0px|true|false&#8221;][et_pb_row custom_padding=&#8221;0|0px|0|0px|false|false&#8221; _builder_version=&#8221;3.10.2&#8243;][et_pb_column type=&#8221;1_2&#8243; _builder_version=&#8221;3.0.47&#8243; parallax=&#8221;off&#8221; parallax_method=&#8221;on&#8221;][et_pb_blurb title=&#8221;Miss\u00e3o&#8221; image=&#8221;https:\/\/samurai.com.br\/wp-content\/uploads\/2018\/07\/icone-foguete.png&#8221; image_max_width=&#8221;22%&#8221; _builder_version=&#8221;3.10.2&#8243; header_font=&#8221;|600|||||||&#8221; header_font_size=&#8221;20px&#8221; border_width_all=&#8221;1px&#8221; border_color_all=&#8221;#c60600&#8243; text_orientation=&#8221;center&#8221; background_layout=&#8221;dark&#8221; custom_padding=&#8221;30px|30px|30px|30px&#8221; locked=&#8221;off&#8221;]Contribuir de forma relevante, para a transforma\u00e7\u00e3o digital dos neg\u00f3cios dos nossos clientes, enriquecendo a experi\u00eancia das pessoas e agregando valor aos seus produtos e servi\u00e7os.<br \/>\n[\/et_pb_blurb][\/et_pb_column][et_pb_column type=&#8221;1_2&#8243; _builder_version=&#8221;3.0.47&#8243; parallax=&#8221;off&#8221; parallax_method=&#8221;on&#8221;][et_pb_blurb title=&#8221;Vis\u00e3o&#8221; use_icon=&#8221;on&#8221; font_icon=&#8221;%%166%%&#8221; icon_color=&#8221;#ffffff&#8221; use_icon_font_size=&#8221;on&#8221; icon_font_size=&#8221;55px&#8221; _builder_version=&#8221;3.10.2&#8243; header_font=&#8221;|600|||||||&#8221; header_font_size=&#8221;20px&#8221; border_width_all=&#8221;1px&#8221; border_color_all=&#8221;#c60600&#8243; text_orientation=&#8221;center&#8221; background_layout=&#8221;dark&#8221; custom_padding=&#8221;30px|30px|30px|30px&#8221; locked=&#8221;off&#8221;]Ser refer\u00eancia em tranforma\u00e7\u00e3o digital, reconhecida pela qualidade e inova\u00e7\u00e3o nos neg\u00f3cios e projetos em que atua.<br \/>\n[\/et_pb_blurb][\/et_pb_column][\/et_pb_row][\/et_pb_section][et_pb_section fb_built=&#8221;1&#8243; _builder_version=&#8221;3.7&#8243;][et_pb_row _builder_version=&#8221;3.7&#8243;][et_pb_column type=&#8221;4_4&#8243; _builder_version=&#8221;3.0.47&#8243; parallax=&#8221;off&#8221; parallax_method=&#8221;on&#8221;][et_pb_text _builder_version=&#8221;3.7&#8243; text_font=&#8221;||||||||&#8221; text_text_color=&#8221;#8e8e8e&#8221; text_letter_spacing=&#8221;3px&#8221; header_font=&#8221;||||||||&#8221; text_orientation=&#8221;center&#8221; custom_margin=&#8221;||0px|&#8221; custom_padding=&#8221;|||&#8221; animation_style=&#8221;slide&#8221; animation_direction=&#8221;top&#8221;]CONHE\u00c7A NOSSOS<br \/>\n[\/et_pb_text][et_pb_text _builder_version=&#8221;3.10.2&#8243; text_font=&#8221;Raleway|800|||||||&#8221; text_letter_spacing=&#8221;3px&#8221; header_font=&#8221;||||||||&#8221; header_2_font=&#8221;|600|||||||&#8221; header_2_font_size=&#8221;40px&#8221; header_2_font_size_last_edited=&#8221;on|phone&#8221; header_2_letter_spacing=&#8221;10px&#8221; text_orientation=&#8221;center&#8221; custom_margin=&#8221;0px|||&#8221; custom_padding=&#8221;0px|||&#8221; animation_style=&#8221;slide&#8221; animation_direction=&#8221;bottom&#8221; animation_delay=&#8221;500ms&#8221; animation_intensity_slide=&#8221;5%&#8221;]<\/p>\n<h2>VALORES<\/h2>\n<p>[\/et_pb_text][et_pb_divider divider_style=&#8221;dotted&#8221; divider_weight=&#8221;5px&#8221; _builder_version=&#8221;3.10.2&#8243; max_width=&#8221;8%&#8221; max_width_phone=&#8221;20%&#8221; max_width_last_edited=&#8221;on|phone&#8221; module_alignment=&#8221;center&#8221; animation_style=&#8221;fade&#8221; animation_delay=&#8221;800ms&#8221;][\/et_pb_divider][\/et_pb_column][\/et_pb_row][et_pb_row _builder_version=&#8221;3.7&#8243;][et_pb_column type=&#8221;1_3&#8243; _builder_version=&#8221;3.0.47&#8243; parallax=&#8221;off&#8221; parallax_method=&#8221;on&#8221;][et_pb_blurb title=&#8221;Criatividade&#8221; use_icon=&#8221;on&#8221; font_icon=&#8221;%%101%%&#8221; icon_color=&#8221;#A70000&#8243; use_circle=&#8221;on&#8221; circle_color=&#8221;#f7f7f7&#8243; use_icon_font_size=&#8221;on&#8221; _builder_version=&#8221;3.10.2&#8243; header_font=&#8221;|600|||||||&#8221; header_font_size=&#8221;20px&#8221; border_width_all=&#8221;1px&#8221; border_color_all=&#8221;#F2F2F2&#8243; text_orientation=&#8221;center&#8221; custom_padding=&#8221;30px|30px|30px|30px&#8221; locked=&#8221;off&#8221;]Buscamos inspira\u00e7\u00e3o nas mais diversas fontes e lugares para desenvolver solu\u00e7\u00f5es criativas.<br \/>\n[\/et_pb_blurb][\/et_pb_column][et_pb_column type=&#8221;1_3&#8243; _builder_version=&#8221;3.0.47&#8243; parallax=&#8221;off&#8221; parallax_method=&#8221;on&#8221;][et_pb_blurb title=&#8221;Inova\u00e7\u00e3o&#8221; use_icon=&#8221;on&#8221; font_icon=&#8221;%%103%%&#8221; icon_color=&#8221;#A70000&#8243; use_circle=&#8221;on&#8221; circle_color=&#8221;#f7f7f7&#8243; use_icon_font_size=&#8221;on&#8221; _builder_version=&#8221;3.10.2&#8243; header_font=&#8221;|600|||||||&#8221; header_font_size=&#8221;20px&#8221; border_width_all=&#8221;1px&#8221; border_color_all=&#8221;#F2F2F2&#8243; text_orientation=&#8221;center&#8221; custom_padding=&#8221;30px|30px|30px|30px&#8221; locked=&#8221;off&#8221;]A inova\u00e7\u00e3o est\u00e1 no nosso DNA. Buscamos sempre uma forma diferente de olhar e fazer para ir al\u00e9m dos resultados convencionais.<br \/>\n[\/et_pb_blurb][\/et_pb_column][et_pb_column type=&#8221;1_3&#8243; _builder_version=&#8221;3.0.47&#8243; parallax=&#8221;off&#8221; parallax_method=&#8221;on&#8221;][et_pb_blurb title=&#8221;Pessoas&#8221; use_icon=&#8221;on&#8221; font_icon=&#8221;%%258%%&#8221; icon_color=&#8221;#A70000&#8243; use_circle=&#8221;on&#8221; circle_color=&#8221;#f7f7f7&#8243; use_icon_font_size=&#8221;on&#8221; _builder_version=&#8221;3.10.2&#8243; header_font=&#8221;|600|||||||&#8221; header_font_size=&#8221;20px&#8221; border_width_all=&#8221;1px&#8221; border_color_all=&#8221;#F2F2F2&#8243; text_orientation=&#8221;center&#8221; custom_padding=&#8221;30px|30px|30px|30px&#8221; locked=&#8221;off&#8221;]Tudo o que fazemos, fazemos para pessoas. A tecnologia \u00e9 apenas o meio, n\u00e3o o fim.<br \/>\n[\/et_pb_blurb][\/et_pb_column][\/et_pb_row][et_pb_row _builder_version=&#8221;3.7&#8243;][et_pb_column type=&#8221;1_3&#8243; _builder_version=&#8221;3.0.47&#8243; parallax=&#8221;off&#8221; parallax_method=&#8221;on&#8221;][et_pb_blurb title=&#8221;\u00c9tica&#8221; use_icon=&#8221;on&#8221; font_icon=&#8221;%%151%%&#8221; icon_color=&#8221;#A70000&#8243; use_circle=&#8221;on&#8221; circle_color=&#8221;#f7f7f7&#8243; use_icon_font_size=&#8221;on&#8221; _builder_version=&#8221;3.10.2&#8243; header_font=&#8221;|600|||||||&#8221; header_font_size=&#8221;20px&#8221; border_width_all=&#8221;1px&#8221; border_color_all=&#8221;#F2F2F2&#8243; text_orientation=&#8221;center&#8221; custom_padding=&#8221;30px|30px|30px|30px&#8221; locked=&#8221;off&#8221;]A \u00e9tica e o respeito com o que \u00e9 correto \u00e9 premissa em nosso dia a dia, e est\u00e1 acima de qualquer valor ou resultado.<br \/>\n[\/et_pb_blurb][\/et_pb_column][et_pb_column type=&#8221;1_3&#8243; _builder_version=&#8221;3.0.47&#8243; parallax=&#8221;off&#8221; parallax_method=&#8221;on&#8221;][et_pb_blurb title=&#8221;Simplicidade&#8221; use_icon=&#8221;on&#8221; font_icon=&#8221;%%150%%&#8221; icon_color=&#8221;#A70000&#8243; use_circle=&#8221;on&#8221; circle_color=&#8221;#f7f7f7&#8243; use_icon_font_size=&#8221;on&#8221; _builder_version=&#8221;3.10.2&#8243; header_font=&#8221;|600|||||||&#8221; header_font_size=&#8221;20px&#8221; border_width_all=&#8221;1px&#8221; border_color_all=&#8221;#F2F2F2&#8243; text_orientation=&#8221;center&#8221; custom_padding=&#8221;30px|30px|30px|30px&#8221; locked=&#8221;off&#8221;]Um dos mantras que praticamos diariamente \u00e9 o &#8220;menos \u00e9 mais&#8221;. Nem sempre uma solu\u00e7\u00e3o\u00a0para ser boa precisa ser complexa. Pelo contr\u00e1rio, geralmente as melhores solu\u00e7\u00f5es tamb\u00e9m s\u00e3o as mais simples.<br \/>\n[\/et_pb_blurb][\/et_pb_column][et_pb_column type=&#8221;1_3&#8243; _builder_version=&#8221;3.0.47&#8243; parallax=&#8221;off&#8221; parallax_method=&#8221;on&#8221;][et_pb_blurb title=&#8221;Servir&#8221; use_icon=&#8221;on&#8221; font_icon=&#8221;%%141%%&#8221; icon_color=&#8221;#A70000&#8243; use_circle=&#8221;on&#8221; circle_color=&#8221;#f7f7f7&#8243; use_icon_font_size=&#8221;on&#8221; _builder_version=&#8221;3.10.2&#8243; header_font=&#8221;|600|||||||&#8221; header_font_size=&#8221;20px&#8221; border_width_all=&#8221;1px&#8221; border_color_all=&#8221;#F2F2F2&#8243; text_orientation=&#8221;center&#8221; custom_padding=&#8221;30px|30px|30px|30px&#8221; locked=&#8221;off&#8221;]A palavra <em>samurai<\/em> significa \u201caquele que serve\u201d. Assim como os samurais japoneses, cuja fun\u00e7\u00e3o era servir, com absoluta retid\u00e3o de car\u00e1ter e lealdade, ao senhor feudal, nosso objetivo \u00e9 servir nossos clientes com excel\u00eancia.<br \/>\n[\/et_pb_blurb][\/et_pb_column][\/et_pb_row][\/et_pb_section][et_pb_section fb_built=&#8221;1&#8243; _builder_version=&#8221;3.7&#8243; background_color=&#8221;#343437&#8243; background_image=&#8221;https:\/\/samurai.com.br\/wp-content\/uploads\/2018\/06\/Hero-ActStrat.jpg&#8221; background_blend=&#8221;overlay&#8221;][et_pb_row _builder_version=&#8221;3.7&#8243;][et_pb_column type=&#8221;4_4&#8243; _builder_version=&#8221;3.0.47&#8243; parallax=&#8221;off&#8221; parallax_method=&#8221;on&#8221;][et_pb_cta title=&#8221;queremos conhecer os seus desafios&#8221; button_text=&#8221;FALE CONOSCO&#8221; _builder_version=&#8221;3.10.2&#8243; header_font=&#8221;|600||on|||||&#8221; header_font_size=&#8221;35px&#8221; header_font_size_last_edited=&#8221;on|phone&#8221; body_font_size=&#8221;16px&#8221; use_background_color=&#8221;off&#8221; custom_button=&#8221;on&#8221; button_text_size=&#8221;27px&#8221; button_border_width=&#8221;3px&#8221; button_border_radius=&#8221;100px&#8221; button_font=&#8221;|600|||||||&#8221; button_icon=&#8221;%%3%%&#8221; button_on_hover=&#8221;off&#8221;]Conte-nos os seus objetivos e teremos um grande prazer em conversar e ajudar voc\u00ea a transformar o seu neg\u00f3cio.<br \/>\n[\/et_pb_cta][\/et_pb_column][\/et_pb_row][\/et_pb_section][et_pb_section fb_built=&#8221;1&#8243; _builder_version=&#8221;3.7&#8243; background_color=&#8221;#a70000&#8243;][et_pb_row custom_padding=&#8221;0|0px|0|0px|false|false&#8221; _builder_version=&#8221;3.7&#8243;][et_pb_column type=&#8221;4_4&#8243; _builder_version=&#8221;3.0.47&#8243; parallax=&#8221;off&#8221; parallax_method=&#8221;on&#8221;][et_pb_social_media_follow _builder_version=&#8221;3.10.2&#8243; border_radii=&#8221;on|0px|0px|0px|0px&#8221; text_orientation=&#8221;center&#8221; background_layout=&#8221;dark&#8221; custom_margin=&#8221;|||&#8221;][et_pb_social_media_follow_network social_network=&#8221;facebook&#8221; _builder_version=&#8221;3.7&#8243; custom_margin=&#8221;|||&#8221; custom_padding=&#8221;|||&#8221; follow_button=&#8221;off&#8221; url_new_window=&#8221;on&#8221;]facebook[\/et_pb_social_media_follow_network][et_pb_social_media_follow_network social_network=&#8221;twitter&#8221; _builder_version=&#8221;3.7&#8243; follow_button=&#8221;off&#8221; url_new_window=&#8221;on&#8221;]twitter[\/et_pb_social_media_follow_network][et_pb_social_media_follow_network social_network=&#8221;linkedin&#8221; _builder_version=&#8221;3.7&#8243; follow_button=&#8221;off&#8221; url_new_window=&#8221;on&#8221;]linkedin[\/et_pb_social_media_follow_network][\/et_pb_social_media_follow][\/et_pb_column][\/et_pb_row][\/et_pb_section]<\/p>\n","protected":false},"excerpt":{"rendered":"<p>[et_pb_section fb_built=&#8221;1&#8243; fullwidth=&#8221;on&#8221; _builder_version=&#8221;3.10.2&#8243;][et_pb_fullwidth_slider _builder_version=&#8221;3.10.2&#8243; header_font=&#8221;|600|||||||&#8221; header_font_size=&#8221;40px&#8221; header_letter_spacing=&#8221;10px&#8221; header_line_height=&#8221;3em&#8221;][et_pb_slide heading=&#8221;A EMPRESA&#8221; use_bg_overlay=&#8221;off&#8221; use_text_overlay=&#8221;off&#8221; _builder_version=&#8221;3.10.2&#8243; header_font=&#8221;||||||||&#8221; header_font_size_phone=&#8221;25px&#8221; header_font_size_last_edited=&#8221;on|phone&#8221; header_letter_spacing_phone=&#8221;5px&#8221; header_letter_spacing_last_edited=&#8221;on|phone&#8221; body_font=&#8221;|300|||||||&#8221; body_font_size=&#8221;28px&#8221; body_font_size_tablet=&#8221;28px&#8221; body_font_size_phone=&#8221;20px&#8221; body_font_size_last_edited=&#8221;on|phone&#8221; background_image=&#8221;https:\/\/samurai.com.br\/wp-content\/uploads\/2018\/09\/quem-somos.jpg&#8221; button_on_hover=&#8221;on&#8221; custom_padding=&#8221;80px|||&#8221; custom_padding_tablet=&#8221;80px|||&#8221; custom_padding_phone=&#8221;50px||120px|&#8221; custom_padding_last_edited=&#8221;on|desktop&#8221;] &#8220;Tornar o simples em complicado \u00e9 f\u00e1cil, tornar o complicado em simples \u00e9 criatividade&#8221; Charles Mingus [\/et_pb_slide][\/et_pb_fullwidth_slider][\/et_pb_section][et_pb_section fb_built=&#8221;1&#8243; _builder_version=&#8221;3.10.2&#8243; custom_padding=&#8221;53px|0|80px|0px|false|false&#8221;][et_pb_row _builder_version=&#8221;3.7&#8243;][et_pb_column type=&#8221;4_4&#8243; _builder_version=&#8221;3.0.47&#8243; parallax=&#8221;off&#8221; parallax_method=&#8221;on&#8221;][et_pb_text [&hellip;]<\/p>\n","protected":false},"author":6,"featured_media":0,"parent":0,"menu_order":0,"comment_status":"closed","ping_status":"closed","template":"","meta":[],"yoast_head":"<!-- This site is optimized with the Yoast SEO plugin v14.9 - https:\/\/yoast.com\/wordpress\/plugins\/seo\/ -->\n<title>Quem Somos - Samurai Transforma\u00e7\u00e3o Digital<\/title>\n<meta name=\"robots\" content=\"index, follow, max-snippet:-1, max-image-preview:large, max-video-preview:-1\" \/>\n<link rel=\"canonical\" href=\"https:\/\/www.samurai.com.br\/?page_id=743\" \/>\n<meta property=\"og:locale\" content=\"pt_BR\" \/>\n<meta property=\"og:type\" content=\"article\" \/>\n<meta property=\"og:title\" content=\"Quem Somos - Samurai Transforma\u00e7\u00e3o Digital\" \/>\n<meta property=\"og:description\" content=\"[et_pb_section fb_built=&#8221;1&#8243; fullwidth=&#8221;on&#8221; _builder_version=&#8221;3.10.2&#8243;][et_pb_fullwidth_slider _builder_version=&#8221;3.10.2&#8243; header_font=&#8221;|600|||||||&#8221; header_font_size=&#8221;40px&#8221; header_letter_spacing=&#8221;10px&#8221; header_line_height=&#8221;3em&#8221;][et_pb_slide heading=&#8221;A EMPRESA&#8221; use_bg_overlay=&#8221;off&#8221; use_text_overlay=&#8221;off&#8221; _builder_version=&#8221;3.10.2&#8243; header_font=&#8221;||||||||&#8221; header_font_size_phone=&#8221;25px&#8221; header_font_size_last_edited=&#8221;on|phone&#8221; header_letter_spacing_phone=&#8221;5px&#8221; header_letter_spacing_last_edited=&#8221;on|phone&#8221; body_font=&#8221;|300|||||||&#8221; body_font_size=&#8221;28px&#8221; body_font_size_tablet=&#8221;28px&#8221; body_font_size_phone=&#8221;20px&#8221; body_font_size_last_edited=&#8221;on|phone&#8221; background_image=&#8221;https:\/\/samurai.com.br\/wp-content\/uploads\/2018\/09\/quem-somos.jpg&#8221; button_on_hover=&#8221;on&#8221; custom_padding=&#8221;80px|||&#8221; custom_padding_tablet=&#8221;80px|||&#8221; custom_padding_phone=&#8221;50px||120px|&#8221; custom_padding_last_edited=&#8221;on|desktop&#8221;] &#8220;Tornar o simples em complicado \u00e9 f\u00e1cil, tornar o complicado em simples \u00e9 criatividade&#8221; Charles Mingus [\/et_pb_slide][\/et_pb_fullwidth_slider][\/et_pb_section][et_pb_section fb_built=&#8221;1&#8243; _builder_version=&#8221;3.10.2&#8243; custom_padding=&#8221;53px|0|80px|0px|false|false&#8221;][et_pb_row _builder_version=&#8221;3.7&#8243;][et_pb_column type=&#8221;4_4&#8243; _builder_version=&#8221;3.0.47&#8243; parallax=&#8221;off&#8221; parallax_method=&#8221;on&#8221;][et_pb_text [&hellip;]\" \/>\n<meta property=\"og:url\" content=\"https:\/\/www.samurai.com.br\/?page_id=743\" \/>\n<meta property=\"og:site_name\" content=\"Samurai Transforma\u00e7\u00e3o Digital\" \/>\n<meta property=\"article:modified_time\" content=\"2021-07-15T23:16:56+00:00\" \/>\n<meta name=\"twitter:card\" content=\"summary_large_image\" \/>\n<script type=\"application\/ld+json\" class=\"yoast-schema-graph\">{\"@context\":\"https:\/\/schema.org\",\"@graph\":[{\"@type\":\"WebSite\",\"@id\":\"https:\/\/samurai.com.br\/#website\",\"url\":\"https:\/\/samurai.com.br\/\",\"name\":\"Samurai Transforma\\u00e7\\u00e3o Digital\",\"description\":\"Servi\\u00e7os de Transforma\\u00e7\\u00e3o Digital\",\"potentialAction\":[{\"@type\":\"SearchAction\",\"target\":\"https:\/\/samurai.com.br\/?s={search_term_string}\",\"query-input\":\"required name=search_term_string\"}],\"inLanguage\":\"pt-BR\"},{\"@type\":\"WebPage\",\"@id\":\"https:\/\/www.samurai.com.br\/?page_id=743#webpage\",\"url\":\"https:\/\/www.samurai.com.br\/?page_id=743\",\"name\":\"Quem Somos - Samurai Transforma\\u00e7\\u00e3o Digital\",\"isPartOf\":{\"@id\":\"https:\/\/samurai.com.br\/#website\"},\"datePublished\":\"2018-07-04T00:18:50+00:00\",\"dateModified\":\"2021-07-15T23:16:56+00:00\",\"inLanguage\":\"pt-BR\",\"potentialAction\":[{\"@type\":\"ReadAction\",\"target\":[\"https:\/\/www.samurai.com.br\/?page_id=743\"]}]}]}<\/script>\n<!-- \/ Yoast SEO plugin. -->","_links":{"self":[{"href":"https:\/\/samurai.com.br\/index.php?rest_route=\/wp\/v2\/pages\/743"}],"collection":[{"href":"https:\/\/samurai.com.br\/index.php?rest_route=\/wp\/v2\/pages"}],"about":[{"href":"https:\/\/samurai.com.br\/index.php?rest_route=\/wp\/v2\/types\/page"}],"author":[{"embeddable":true,"href":"https:\/\/samurai.com.br\/index.php?rest_route=\/wp\/v2\/users\/6"}],"replies":[{"embeddable":true,"href":"https:\/\/samurai.com.br\/index.php?rest_route=%2Fwp%2Fv2%2Fcomments&post=743"}],"version-history":[{"count":139,"href":"https:\/\/samurai.com.br\/index.php?rest_route=\/wp\/v2\/pages\/743\/revisions"}],"predecessor-version":[{"id":2222,"href":"https:\/\/samurai.com.br\/index.php?rest_route=\/wp\/v2\/pages\/743\/revisions\/2222"}],"wp:attachment":[{"href":"https:\/\/samurai.com.br\/index.php?rest_route=%2Fwp%2Fv2%2Fmedia&parent=743"}],"curies":[{"name":"wp","href":"https:\/\/api.w.org\/{rel}","templated":true}]}}